{"id":4241,"date":"2024-10-22T08:46:41","date_gmt":"2024-10-22T05:46:41","guid":{"rendered":"https:\/\/golf-madagascar.mg\/?page_id=4241"},"modified":"2024-12-18T10:08:58","modified_gmt":"2024-12-18T07:08:58","slug":"contactez-nous","status":"publish","type":"page","link":"https:\/\/golf-madagascar.mg\/en\/contactez-nous\/","title":{"rendered":"Contact us"},"content":{"rendered":"\t\t<div data-elementor-type=\"wp-page\" data-elementor-id=\"4241\" class=\"elementor elementor-4241\" data-elementor-post-type=\"page\">\n\t\t\t\t<div class=\"elementor-element elementor-element-35f239a9 e-flex e-con-boxed e-con e-parent\" data-id=\"35f239a9\" data-element_type=\"container\" data-e-type=\"container\" data-settings=\"{&quot;background_background&quot;:&quot;classic&quot;}\">\n\t\t\t\t\t<div class=\"e-con-inner\">\n\t\t<div class=\"elementor-element elementor-element-3473b563 e-con-full e-flex e-con e-child\" data-id=\"3473b563\" data-element_type=\"container\" data-e-type=\"container\" data-settings=\"{&quot;background_background&quot;:&quot;classic&quot;}\">\n\t\t\t\t<div class=\"elementor-element elementor-element-4257dfa5 elementor-widget elementor-widget-heading\" data-id=\"4257dfa5\" data-element_type=\"widget\" data-e-type=\"widget\" data-widget_type=\"heading.default\">\n\t\t\t\t<div class=\"elementor-widget-container\">\n\t\t\t\t\t<h1 class=\"elementor-heading-title elementor-size-default\">Contactez-nous<\/h1>\t\t\t\t<\/div>\n\t\t\t\t<\/div>\n\t\t\t\t<div class=\"elementor-element elementor-element-25433e1a elementor-widget elementor-widget-heading\" data-id=\"25433e1a\" data-element_type=\"widget\" data-e-type=\"widget\" data-widget_type=\"heading.default\">\n\t\t\t\t<div class=\"elementor-widget-container\">\n\t\t\t\t\t<p class=\"elementor-heading-title elementor-size-default\">Nous serions ravis de discuter avec vous.\nN'h\u00e9sitez pas \u00e0 nous contacter en utilisant les coordonn\u00e9es ci-dessous.\n<\/p>\t\t\t\t<\/div>\n\t\t\t\t<\/div>\n\t\t\t\t<\/div>\n\t\t<div class=\"elementor-element elementor-element-77df1e61 e-con-full e-flex e-con e-child\" data-id=\"77df1e61\" data-element_type=\"container\" data-e-type=\"container\">\n\t\t\t\t<div class=\"elementor-element elementor-element-72026ed9 elementor-button-align-start elementor-tablet-button-align-center elementor-widget elementor-widget-form\" data-id=\"72026ed9\" data-element_type=\"widget\" data-e-type=\"widget\" data-settings=\"{&quot;step_next_label&quot;:&quot;Next&quot;,&quot;step_previous_label&quot;:&quot;Previous&quot;,&quot;button_width&quot;:&quot;100&quot;,&quot;step_type&quot;:&quot;number_text&quot;,&quot;step_icon_shape&quot;:&quot;circle&quot;}\" data-widget_type=\"form.default\">\n\t\t\t\t<div class=\"elementor-widget-container\">\n\t\t\t\t\t\t\t<form class=\"elementor-form\" method=\"post\" name=\"Contact Form\" aria-label=\"Contact Form\">\n\t\t\t<input type=\"hidden\" name=\"post_id\" value=\"4241\"\/>\n\t\t\t<input type=\"hidden\" name=\"form_id\" value=\"72026ed9\"\/>\n\t\t\t<input type=\"hidden\" name=\"referer_title\" value=\"Contactez-nous - Golf du Rova\" \/>\n\n\t\t\t\t\t\t\t<input type=\"hidden\" name=\"queried_id\" value=\"4241\"\/>\n\t\t\t\n\t\t\t<div class=\"elementor-form-fields-wrapper elementor-labels-\">\n\t\t\t\t\t\t\t\t<div class=\"elementor-field-type-text elementor-field-group elementor-column elementor-field-group-name elementor-col-100 elementor-field-required\">\n\t\t\t\t\t\t\t\t\t\t\t\t\t<input size=\"1\" type=\"text\" name=\"form_fields[name]\" id=\"form-field-name\" class=\"elementor-field elementor-size-sm  elementor-field-textual\" placeholder=\"Nom *\" required=\"required\">\n\t\t\t\t\t\t\t\t\t\t\t<\/div>\n\t\t\t\t\t\t\t\t<div class=\"elementor-field-type-tel elementor-field-group elementor-column elementor-field-group-field_6c180a9 elementor-col-50\">\n\t\t\t\t\t\t\t\t\t\t\t\t<label for=\"form-field-field_6c180a9\" class=\"elementor-field-label elementor-screen-only\">\n\t\t\t\t\t\t\t\tPhone Number\t\t\t\t\t\t\t<\/label>\n\t\t\t\t\t\t\t\t<input size=\"1\" type=\"tel\" name=\"form_fields[field_6c180a9]\" id=\"form-field-field_6c180a9\" class=\"elementor-field elementor-size-sm  elementor-field-textual\" placeholder=\"Num\u00e9ro \" pattern=\"[0-9()#&amp;+*-=.]+\" title=\"Seuls les caract\u00e8res de num\u00e9ros de t\u00e9l\u00e9phone (#, -, *, etc.) sont accept\u00e9s.\">\n\n\t\t\t\t\t\t<\/div>\n\t\t\t\t\t\t\t\t<div class=\"elementor-field-type-email elementor-field-group elementor-column elementor-field-group-email elementor-col-50\">\n\t\t\t\t\t\t\t\t\t\t\t\t<label for=\"form-field-email\" class=\"elementor-field-label elementor-screen-only\">\n\t\t\t\t\t\t\t\tEmail\t\t\t\t\t\t\t<\/label>\n\t\t\t\t\t\t\t\t\t\t\t\t\t\t<input size=\"1\" type=\"email\" name=\"form_fields[email]\" id=\"form-field-email\" class=\"elementor-field elementor-size-sm  elementor-field-textual\" placeholder=\"Email\">\n\t\t\t\t\t\t\t\t\t\t\t<\/div>\n\t\t\t\t\t\t\t\t<div class=\"elementor-field-type-textarea elementor-field-group elementor-column elementor-field-group-message elementor-col-100\">\n\t\t\t\t\t\t\t\t\t\t\t\t<label for=\"form-field-message\" class=\"elementor-field-label elementor-screen-only\">\n\t\t\t\t\t\t\t\tMessage\t\t\t\t\t\t\t<\/label>\n\t\t\t\t\t\t<textarea class=\"elementor-field-textual elementor-field  elementor-size-sm\" name=\"form_fields[message]\" id=\"form-field-message\" rows=\"4\" placeholder=\"Message\"><\/textarea>\t\t\t\t<\/div>\n\t\t\t\t\t\t\t\t<div class=\"elementor-field-group elementor-column elementor-field-type-submit elementor-col-100 e-form__buttons\">\n\t\t\t\t\t<button class=\"elementor-button elementor-size-sm\" type=\"submit\">\n\t\t\t\t\t\t<span class=\"elementor-button-content-wrapper\">\n\t\t\t\t\t\t\t\t\t\t\t\t\t\t\t\t\t\t\t\t\t\t<span class=\"elementor-button-text\">Envoyer<\/span>\n\t\t\t\t\t\t\t\t\t\t\t\t\t<\/span>\n\t\t\t\t\t<\/button>\n\t\t\t\t<\/div>\n\t\t\t<\/div>\n\t\t<\/form>\n\t\t\t\t\t\t<\/div>\n\t\t\t\t<\/div>\n\t\t\t\t<\/div>\n\t\t\t\t\t<\/div>\n\t\t\t\t<\/div>\n\t\t\t\t<\/div>\n\t\t","protected":false},"excerpt":{"rendered":"<p>Contactez-nous Nous serions ravis de discuter avec vous. N&rsquo;h\u00e9sitez pas \u00e0 nous contacter en utilisant les coordonn\u00e9es ci-dessous.<\/p>","protected":false},"author":1,"featured_media":0,"parent":0,"menu_order":0,"comment_status":"closed","ping_status":"closed","template":"elementor_header_footer","meta":{"footnotes":""},"class_list":["post-4241","page","type-page","status-publish","hentry"],"yoast_head":"<!-- This site is optimized with the Yoast SEO plugin v27.5 - https:\/\/yoast.com\/product\/yoast-seo-wordpress\/ -->\n<title>Contactez-nous - Golf du Rova<\/title>\n<meta name=\"robots\" content=\"index, follow, max-snippet:-1, max-image-preview:large, max-video-preview:-1\" \/>\n<link rel=\"canonical\" href=\"https:\/\/golf-madagascar.mg\/en\/contactez-nous\/\" \/>\n<meta property=\"og:locale\" content=\"en_GB\" \/>\n<meta property=\"og:type\" content=\"article\" \/>\n<meta property=\"og:title\" content=\"Contactez-nous - Golf du Rova\" \/>\n<meta property=\"og:description\" content=\"Contactez-nous Nous serions ravis de discuter avec vous. N&rsquo;h\u00e9sitez pas \u00e0 nous contacter en utilisant les coordonn\u00e9es ci-dessous.\" \/>\n<meta property=\"og:url\" content=\"https:\/\/golf-madagascar.mg\/en\/contactez-nous\/\" \/>\n<meta property=\"og:site_name\" content=\"Golf du Rova\" \/>\n<meta property=\"article:publisher\" content=\"https:\/\/www.facebook.com\/golfdurova\" \/>\n<meta property=\"article:modified_time\" content=\"2024-12-18T07:08:58+00:00\" \/>\n<meta property=\"og:image\" content=\"https:\/\/golf-madagascar.mg\/wp-content\/uploads\/2025\/06\/homepagegolf.png\" \/>\n\t<meta property=\"og:image:width\" content=\"1080\" \/>\n\t<meta property=\"og:image:height\" content=\"566\" \/>\n\t<meta property=\"og:image:type\" content=\"image\/png\" \/>\n<meta name=\"twitter:card\" content=\"summary_large_image\" \/>\n<script type=\"application\/ld+json\" class=\"yoast-schema-graph\">{\"@context\":\"https:\\\/\\\/schema.org\",\"@graph\":[{\"@type\":\"WebPage\",\"@id\":\"https:\\\/\\\/golf-madagascar.mg\\\/contactez-nous\\\/\",\"url\":\"https:\\\/\\\/golf-madagascar.mg\\\/contactez-nous\\\/\",\"name\":\"Contactez-nous - Golf du Rova\",\"isPartOf\":{\"@id\":\"https:\\\/\\\/golf-madagascar.mg\\\/#website\"},\"datePublished\":\"2024-10-22T05:46:41+00:00\",\"dateModified\":\"2024-12-18T07:08:58+00:00\",\"breadcrumb\":{\"@id\":\"https:\\\/\\\/golf-madagascar.mg\\\/contactez-nous\\\/#breadcrumb\"},\"inLanguage\":\"en-GB\",\"potentialAction\":[{\"@type\":\"ReadAction\",\"target\":[\"https:\\\/\\\/golf-madagascar.mg\\\/contactez-nous\\\/\"]}]},{\"@type\":\"BreadcrumbList\",\"@id\":\"https:\\\/\\\/golf-madagascar.mg\\\/contactez-nous\\\/#breadcrumb\",\"itemListElement\":[{\"@type\":\"ListItem\",\"position\":1,\"name\":\"Accueil\",\"item\":\"https:\\\/\\\/golf-madagascar.mg\\\/\"},{\"@type\":\"ListItem\",\"position\":2,\"name\":\"Contactez-nous\"}]},{\"@type\":\"WebSite\",\"@id\":\"https:\\\/\\\/golf-madagascar.mg\\\/#website\",\"url\":\"https:\\\/\\\/golf-madagascar.mg\\\/\",\"name\":\"Golf du Rova\",\"description\":\"Luxury Hotel\",\"publisher\":{\"@id\":\"https:\\\/\\\/golf-madagascar.mg\\\/#organization\"},\"alternateName\":\"Golf Madagascar\",\"potentialAction\":[{\"@type\":\"SearchAction\",\"target\":{\"@type\":\"EntryPoint\",\"urlTemplate\":\"https:\\\/\\\/golf-madagascar.mg\\\/?s={search_term_string}\"},\"query-input\":{\"@type\":\"PropertyValueSpecification\",\"valueRequired\":true,\"valueName\":\"search_term_string\"}}],\"inLanguage\":\"en-GB\"},{\"@type\":\"Organization\",\"@id\":\"https:\\\/\\\/golf-madagascar.mg\\\/#organization\",\"name\":\"Golf du Rova\",\"url\":\"https:\\\/\\\/golf-madagascar.mg\\\/\",\"logo\":{\"@type\":\"ImageObject\",\"inLanguage\":\"en-GB\",\"@id\":\"https:\\\/\\\/golf-madagascar.mg\\\/#\\\/schema\\\/logo\\\/image\\\/\",\"url\":\"https:\\\/\\\/golf-madagascar.mg\\\/wp-content\\\/uploads\\\/2024\\\/03\\\/logo-rova.jpg\",\"contentUrl\":\"https:\\\/\\\/golf-madagascar.mg\\\/wp-content\\\/uploads\\\/2024\\\/03\\\/logo-rova.jpg\",\"width\":1000,\"height\":1000,\"caption\":\"Golf du Rova\"},\"image\":{\"@id\":\"https:\\\/\\\/golf-madagascar.mg\\\/#\\\/schema\\\/logo\\\/image\\\/\"},\"sameAs\":[\"https:\\\/\\\/www.facebook.com\\\/golfdurova\"]}]}<\/script>\n<!-- \/ Yoast SEO plugin. -->","yoast_head_json":{"title":"Contactez-nous - Golf du Rova","robots":{"index":"index","follow":"follow","max-snippet":"max-snippet:-1","max-image-preview":"max-image-preview:large","max-video-preview":"max-video-preview:-1"},"canonical":"https:\/\/golf-madagascar.mg\/en\/contactez-nous\/","og_locale":"en_GB","og_type":"article","og_title":"Contactez-nous - Golf du Rova","og_description":"Contactez-nous Nous serions ravis de discuter avec vous. N&rsquo;h\u00e9sitez pas \u00e0 nous contacter en utilisant les coordonn\u00e9es ci-dessous.","og_url":"https:\/\/golf-madagascar.mg\/en\/contactez-nous\/","og_site_name":"Golf du Rova","article_publisher":"https:\/\/www.facebook.com\/golfdurova","article_modified_time":"2024-12-18T07:08:58+00:00","og_image":[{"width":1080,"height":566,"url":"https:\/\/golf-madagascar.mg\/wp-content\/uploads\/2025\/06\/homepagegolf.png","type":"image\/png"}],"twitter_card":"summary_large_image","schema":{"@context":"https:\/\/schema.org","@graph":[{"@type":"WebPage","@id":"https:\/\/golf-madagascar.mg\/contactez-nous\/","url":"https:\/\/golf-madagascar.mg\/contactez-nous\/","name":"Contactez-nous - Golf du Rova","isPartOf":{"@id":"https:\/\/golf-madagascar.mg\/#website"},"datePublished":"2024-10-22T05:46:41+00:00","dateModified":"2024-12-18T07:08:58+00:00","breadcrumb":{"@id":"https:\/\/golf-madagascar.mg\/contactez-nous\/#breadcrumb"},"inLanguage":"en-GB","potentialAction":[{"@type":"ReadAction","target":["https:\/\/golf-madagascar.mg\/contactez-nous\/"]}]},{"@type":"BreadcrumbList","@id":"https:\/\/golf-madagascar.mg\/contactez-nous\/#breadcrumb","itemListElement":[{"@type":"ListItem","position":1,"name":"Accueil","item":"https:\/\/golf-madagascar.mg\/"},{"@type":"ListItem","position":2,"name":"Contactez-nous"}]},{"@type":"WebSite","@id":"https:\/\/golf-madagascar.mg\/#website","url":"https:\/\/golf-madagascar.mg\/","name":"Golf du Rova","description":"Luxury Hotel","publisher":{"@id":"https:\/\/golf-madagascar.mg\/#organization"},"alternateName":"Golf Madagascar","potentialAction":[{"@type":"SearchAction","target":{"@type":"EntryPoint","urlTemplate":"https:\/\/golf-madagascar.mg\/?s={search_term_string}"},"query-input":{"@type":"PropertyValueSpecification","valueRequired":true,"valueName":"search_term_string"}}],"inLanguage":"en-GB"},{"@type":"Organization","@id":"https:\/\/golf-madagascar.mg\/#organization","name":"Golf du Rova","url":"https:\/\/golf-madagascar.mg\/","logo":{"@type":"ImageObject","inLanguage":"en-GB","@id":"https:\/\/golf-madagascar.mg\/#\/schema\/logo\/image\/","url":"https:\/\/golf-madagascar.mg\/wp-content\/uploads\/2024\/03\/logo-rova.jpg","contentUrl":"https:\/\/golf-madagascar.mg\/wp-content\/uploads\/2024\/03\/logo-rova.jpg","width":1000,"height":1000,"caption":"Golf du Rova"},"image":{"@id":"https:\/\/golf-madagascar.mg\/#\/schema\/logo\/image\/"},"sameAs":["https:\/\/www.facebook.com\/golfdurova"]}]}},"_links":{"self":[{"href":"https:\/\/golf-madagascar.mg\/en\/wp-json\/wp\/v2\/pages\/4241","targetHints":{"allow":["GET"]}}],"collection":[{"href":"https:\/\/golf-madagascar.mg\/en\/wp-json\/wp\/v2\/pages"}],"about":[{"href":"https:\/\/golf-madagascar.mg\/en\/wp-json\/wp\/v2\/types\/page"}],"author":[{"embeddable":true,"href":"https:\/\/golf-madagascar.mg\/en\/wp-json\/wp\/v2\/users\/1"}],"replies":[{"embeddable":true,"href":"https:\/\/golf-madagascar.mg\/en\/wp-json\/wp\/v2\/comments?post=4241"}],"version-history":[{"count":5,"href":"https:\/\/golf-madagascar.mg\/en\/wp-json\/wp\/v2\/pages\/4241\/revisions"}],"predecessor-version":[{"id":4549,"href":"https:\/\/golf-madagascar.mg\/en\/wp-json\/wp\/v2\/pages\/4241\/revisions\/4549"}],"wp:attachment":[{"href":"https:\/\/golf-madagascar.mg\/en\/wp-json\/wp\/v2\/media?parent=4241"}],"curies":[{"name":"wp","href":"https:\/\/api.w.org\/{rel}","templated":true}]}}